{"id":12787,"date":"2024-12-17T21:41:41","date_gmt":"2024-12-17T19:41:41","guid":{"rendered":"https:\/\/thimble.gr\/?page_id=12787"},"modified":"2025-05-24T03:11:43","modified_gmt":"2025-05-24T00:11:43","slug":"traditionen","status":"publish","type":"page","link":"https:\/\/thimble.gr\/sv\/the-tradition\/","title":{"rendered":"Traditionen"},"content":{"rendered":"<div class=\"wp-block-greenshift-blocks-row gspb_row gspb_row-id-gsbp-8c8383b\" id=\"gspb_row-id-gsbp-8c8383b\"><div class=\"gspb_row__content\"> \n<div class=\"wp-block-greenshift-blocks-row-column gspb_row__col--6 gspb_col-id-gsbp-51a039f\" id=\"gspb_col-id-gsbp-51a039f\">\n<div class=\"wp-block-greenshift-blocks-image gspb_image gspb_image-id-gsbp-07471b1\" id=\"gspb_image-id-gsbp-07471b1\"><img decoding=\"async\" src=\"https:\/\/thimble.gr\/wp-content\/uploads\/2024\/12\/8-7.jpg\" data-src=\"\" alt=\"\" loading=\"lazy\" width=\"798\" height=\"904\" title=\"\"><\/div>\n<\/div>\n\n\n\n<div class=\"wp-block-greenshift-blocks-row-column gspb_row__col--6 gspb_col-id-gsbp-0459375\" id=\"gspb_col-id-gsbp-0459375\">\n<div id=\"gspb_text-id-gsbp-4028492\" class=\"gspb_text gspb_text-id-gsbp-4028492\">Kimono (<strong>\u304d\u3082\u306e\/\u7740\u7269<\/strong>Detta mycket eleganta och traditionella japanska plagg ber\u00e4ttar om en l\u00e5ng och rik historia som g\u00e5tt f\u00f6rlorad i tidens djup. Det \u00e4r en typ av kl\u00e4desplagg som har representerat japansk kultur och tradition i \u00e5rhundraden.<br><br>Kimonon best\u00e5r av ett enda l\u00e5ngt tygstycke med vida \u00e4rmar och ett b\u00e4lte som knyts runt midjan. Detta eleganta och speciella plagg utm\u00e4rker sig genom sitt unika konstruktionss\u00e4tt och de underbara m\u00f6nster som dekorerar det.<br><br>Kimonons ursprung g\u00e5r tillbaka till det gamla Japan, d\u00e4r den ursprungligen anv\u00e4ndes som kl\u00e4der f\u00f6r de aristokratiska klasserna.<br><br>Senare blev kimonon popul\u00e4r bland befolkningen och anv\u00e4ndes som ett vardagsplagg. Kimonons utveckling speglar de sociala f\u00f6r\u00e4ndringar och influenser som har p\u00e5verkat Japan genom \u00e5rhundradena.<br><br>Med tiden har designers och hantverkare utvecklat kimonons teknik och design. Fler f\u00e4rger, varierande m\u00f6nster och dekorativa element som broderier och broderier lades till f\u00f6r att f\u00f6rh\u00f6ja plaggets sk\u00f6nhet. Olika varianter av kimonon d\u00f6k ocks\u00e5 upp, till exempel furisode (kimono med vida \u00e4rmar), tomesode (kimono med enf\u00e4rgad och elegant design) och komon (kimono med upprepade sm\u00e5 m\u00f6nster).<br><br>Kimono \u00e4r fortfarande en viktig del av den japanska kulturen och traditionella kl\u00e4dedr\u00e4kten. Den anv\u00e4nds vid speciella tillf\u00e4llen som br\u00f6llop, ceremonier och festivaler, men ocks\u00e5 som en symbol f\u00f6r Japan v\u00e4rlden \u00f6ver. Kimonons estetik har p\u00e5verkat mode- och designindustrin \u00f6ver hela v\u00e4rlden, och m\u00e5nga designers har insett kimonons unika sk\u00f6nhet och tekniska komplexitet.<br><br><strong>Lite historia om Kimono<\/strong><br>Kimono uppstod i Japan under Nara-perioden (710-794 e.Kr.) och vidareutvecklades under Heian-perioden (794-1185 e.Kr.). I b\u00f6rjan anv\u00e4ndes kimonon av m\u00e4n som ett skydd \u00f6ver deras \u00f6verrockar och utvecklades sedan till ett traditionellt kvinnoplagg under Heian-perioden. Rika kvinnor inom aristokratin bar kimonos tillverkade av dyrbara tyger och dekorerade med f\u00e4rgglada m\u00f6nster.<\/div>\n<\/div>\n <\/div><\/div>\n\n\n\n<div class=\"wp-block-greenshift-blocks-row gspb_row gspb_row-id-gsbp-585b6c7\" id=\"gspb_row-id-gsbp-585b6c7\"><div class=\"gspb_row__content\"> \n<div class=\"wp-block-greenshift-blocks-row-column gspb_row__col--12 gspb_col-id-gsbp-29f68b6\" id=\"gspb_col-id-gsbp-29f68b6\">\n<div class=\"wp-block-greenshift-blocks-swiper gs-swiper gspb_slider-id-gsbp-3099fe0\" style=\"position:relative\"><div class=\"gs-swiper-init\" data-slidesperview=\"1\" data-spacebetween=\"10\" data-spacebetweenmd=\"10\" data-spacebetweensm=\"10\" data-spacebetweenxs=\"10\" data-speed=\"400\" data-loop=\"false\" data-vertical=\"false\" data-verticalheight=\"500px\" data-autoheight=\"false\" data-grabcursor=\"false\" data-freemode=\"false\" data-centered=\"false\" data-autoplay=\"false\" data-autodelay=\"4000\" data-effect=\"\" data-coverflowshadow=\"false\"><div class=\"swiper\"><div class=\"swiper-wrapper\">\n<div class=\"swiper-slide\"><div class=\"wp-block-greenshift-blocks-swipe swiper-slide-inner gspb_sliderinner-id-gsbp-0014c19\"><div class=\"slider-content-zone\">\n<div class=\"wp-block-greenshift-blocks-image gspb_image gspb_image-id-gsbp-2bfce81\" id=\"gspb_image-id-gsbp-2bfce81\"><img decoding=\"async\" src=\"https:\/\/thimble.gr\/wp-content\/uploads\/2024\/12\/geisha.jpg\" data-src=\"\" alt=\"\" loading=\"lazy\" width=\"798\" height=\"904\" title=\"\"><\/div>\n\n\n\n<p class=\"has-text-align-center has-medium-font-size\"><\/p>\n<\/div><\/div><\/div>\n\n\n\n<div class=\"swiper-slide\"><div class=\"wp-block-greenshift-blocks-swipe swiper-slide-inner gspb_sliderinner-id-gsbp-d6ef218\"><div class=\"slider-content-zone\">\n<div class=\"wp-block-greenshift-blocks-image gspb_image gspb_image-id-gsbp-7758ec3\" id=\"gspb_image-id-gsbp-7758ec3\"><img decoding=\"async\" src=\"https:\/\/thimble.gr\/wp-content\/uploads\/2024\/12\/geisha-3.jpg\" data-src=\"\" alt=\"\" loading=\"lazy\" width=\"798\" height=\"904\" title=\"\"><\/div>\n\n\n\n<p class=\"has-text-align-center has-medium-font-size\"><\/p>\n<\/div><\/div><\/div>\n\n\n\n<div class=\"swiper-slide\"><div class=\"wp-block-greenshift-blocks-swipe swiper-slide-inner gspb_sliderinner-id-gsbp-7323a7a\"><div class=\"slider-content-zone\">\n<div class=\"wp-block-greenshift-blocks-image gspb_image gspb_image-id-gsbp-e9557de\" id=\"gspb_image-id-gsbp-e9557de\"><img decoding=\"async\" src=\"https:\/\/thimble.gr\/wp-content\/uploads\/2024\/12\/Geisha-2-1.jpg\" data-src=\"\" alt=\"\" loading=\"lazy\" width=\"798\" height=\"904\" title=\"\"><\/div>\n\n\n\n<p class=\"has-text-align-center has-medium-font-size\"><\/p>\n<\/div><\/div><\/div>\n\n\n\n<div class=\"swiper-slide\"><div class=\"wp-block-greenshift-blocks-swipe swiper-slide-inner gspb_sliderinner-id-gsbp-a98502e\"><div class=\"slider-content-zone\">\n<div class=\"wp-block-greenshift-blocks-image gspb_image gspb_image-id-gsbp-b6a0d00\" id=\"gspb_image-id-gsbp-b6a0d00\"><img decoding=\"async\" src=\"https:\/\/thimble.gr\/wp-content\/uploads\/2024\/12\/10-6.jpg\" data-src=\"\" alt=\"\" loading=\"lazy\" width=\"798\" height=\"904\" title=\"\"><\/div>\n\n\n\n<p class=\"has-text-align-center has-medium-font-size\"><\/p>\n<\/div><\/div><\/div>\n\n\n\n<div class=\"swiper-slide\"><div class=\"wp-block-greenshift-blocks-swipe swiper-slide-inner gspb_sliderinner-id-gsbp-f7a2e10\"><div class=\"slider-content-zone\">\n<div class=\"wp-block-greenshift-blocks-image gspb_image gspb_image-id-gsbp-f4f4792\" id=\"gspb_image-id-gsbp-f4f4792\"><img decoding=\"async\" src=\"https:\/\/thimble.gr\/wp-content\/uploads\/2024\/12\/9-6.jpg\" data-src=\"\" alt=\"\" loading=\"lazy\" width=\"798\" height=\"904\" title=\"\"><\/div>\n\n\n\n<p class=\"has-text-align-center has-medium-font-size\"><\/p>\n<\/div><\/div><\/div>\n\n\n\n<div class=\"swiper-slide\"><div class=\"wp-block-greenshift-blocks-swipe swiper-slide-inner gspb_sliderinner-id-gsbp-2b64fd7\"><div class=\"slider-content-zone\">\n<div class=\"wp-block-greenshift-blocks-image gspb_image gspb_image-id-gsbp-080d348\" id=\"gspb_image-id-gsbp-080d348\"><img decoding=\"async\" src=\"https:\/\/thimble.gr\/wp-content\/uploads\/2024\/12\/7-8.jpg\" data-src=\"\" alt=\"\" loading=\"lazy\" width=\"798\" height=\"904\" title=\"\"><\/div>\n\n\n\n<p class=\"has-text-align-center has-medium-font-size\"><\/p>\n<\/div><\/div><\/div>\n\n\n\n<div class=\"swiper-slide\"><div class=\"wp-block-greenshift-blocks-swipe swiper-slide-inner gspb_sliderinner-id-gsbp-78320e0\"><div class=\"slider-content-zone\">\n<div class=\"wp-block-greenshift-blocks-image gspb_image gspb_image-id-gsbp-53471e4\" id=\"gspb_image-id-gsbp-53471e4\"><img decoding=\"async\" src=\"https:\/\/thimble.gr\/wp-content\/uploads\/2024\/12\/6-9.jpg\" data-src=\"\" alt=\"\" loading=\"lazy\" width=\"798\" height=\"904\" title=\"\"><\/div>\n\n\n\n<p class=\"has-text-align-center has-medium-font-size\"><\/p>\n<\/div><\/div><\/div>\n<\/div><\/div><div class=\"swiper-pagination\"><\/div><div class=\"swiper-button-prev\"><\/div><div class=\"swiper-button-next\"><\/div><div class=\"swiper-scrollbar\"><\/div><\/div><\/div>\n<\/div>\n <\/div><\/div>","protected":false},"excerpt":{"rendered":"<p>\"Kimono \u00e4r en dans av f\u00e4rger och texturer som lyfter fram japansk kultur och estetik. Det \u00e4r harmonin mellan tradition och modern elegans som f\u00f6rtrollar och inspirerar.\"<br \/>\nIssey Miyake, japansk designer<\/p>","protected":false},"author":187,"featured_media":0,"parent":0,"menu_order":0,"comment_status":"closed","ping_status":"closed","template":"","meta":{"_gspb_post_css":":root{--swiper-theme-color:#007aff}.swiper,swiper-container{margin-left:auto;margin-right:auto;position:relative;overflow:hidden;list-style:none;padding:0;z-index:1;display:block}.swiper-vertical>.swiper-wrapper{flex-direction:column}.swiper-wrapper{position:relative;width:100%;height:100%;z-index:1;display:flex;transition-property:transform;box-sizing:content-box}.swiper-android .swiper-slide,.swiper-wrapper{transform:translate3d(0,0,0)}.swiper-horizontal{touch-action:pan-y}.swiper-vertical{touch-action:pan-x}.swiper .swiper-slide,swiper-slide{flex-shrink:0;width:100%;height:100%;position:relative;transition-property:transform,opacity;display:block}.swiper-slide-invisible-blank{visibility:hidden}.swiper-autoheight,.swiper-autoheight .swiper-slide{height:auto}.swiper-autoheight .swiper-wrapper{align-items:flex-start;transition-property:transform,height}.swiper-backface-hidden .swiper-slide{transform:translateZ(0);-webkit-backface-visibility:hidden;backface-visibility:hidden}.swiper-3d,.swiper-3d.swiper-css-mode .swiper-wrapper{perspective:1200px}.swiper-3d .swiper-cube-shadow,.swiper-3d .swiper-slide,.swiper-3d .swiper-slide-shadow,.swiper-3d .swiper-slide-shadow-bottom,.swiper-3d .swiper-slide-shadow-left,.swiper-3d .swiper-slide-shadow-right,.swiper-3d .swiper-slide-shadow-top,.swiper-3d .swiper-wrapper{transform-style:preserve-3d}.swiper-3d .swiper-slide-shadow,.swiper-3d .swiper-slide-shadow-bottom,.swiper-3d .swiper-slide-shadow-left,.swiper-3d .swiper-slide-shadow-right,.swiper-3d .swiper-slide-shadow-top{position:absolute;left:0;top:0;width:100%;height:100%;pointer-events:none;z-index:10}.swiper-3d .swiper-slide-shadow-left{background-image:linear-gradient(to left,rgba(0,0,0,.5),transparent)}.swiper-3d .swiper-slide-shadow-right{background-image:linear-gradient(to right,rgba(0,0,0,.5),transparent)}.swiper-3d .swiper-slide-shadow-top{background-image:linear-gradient(to top,rgba(0,0,0,.5),transparent)}.swiper-3d .swiper-slide-shadow-bottom{background-image:linear-gradient(to bottom,rgba(0,0,0,.5),transparent)}.swiper-css-mode>.swiper-wrapper{overflow:auto;scrollbar-width:none;-ms-overflow-style:none}.swiper-css-mode>.swiper-wrapper::-webkit-scrollbar{display:none}.swiper-css-mode>.swiper-wrapper>.swiper-slide{scroll-snap-align:start start}.swiper-horizontal.swiper-css-mode>.swiper-wrapper{scroll-snap-type:x mandatory}.swiper-vertical.swiper-css-mode>.swiper-wrapper{scroll-snap-type:y mandatory}.swiper-centered>.swiper-wrapper::before{content:'';flex-shrink:0;order:9999}.swiper-centered>.swiper-wrapper>.swiper-slide{scroll-snap-align:center center;scroll-snap-stop:always}.swiper-centered.swiper-horizontal>.swiper-wrapper>.swiper-slide:first-child{margin-inline-start:var(--swiper-centered-offset-before)}.swiper-centered.swiper-horizontal>.swiper-wrapper::before{height:100%;min-height:1px;width:var(--swiper-centered-offset-after)}.swiper-centered.swiper-vertical>.swiper-wrapper>.swiper-slide:first-child{margin-block-start:var(--swiper-centered-offset-before)}.swiper-centered.swiper-vertical>.swiper-wrapper::before{width:100%;min-width:1px;height:var(--swiper-centered-offset-after)}.swiper-virtual .swiper-slide{-webkit-backface-visibility:hidden;transform:translateZ(0)}.swiper-virtual.swiper-css-mode .swiper-wrapper::after{content:'';position:absolute;left:0;top:0;pointer-events:none}.swiper-virtual.swiper-css-mode.swiper-horizontal .swiper-wrapper::after{height:1px;width:var(--swiper-virtual-size)}.swiper-virtual.swiper-css-mode.swiper-vertical .swiper-wrapper::after{width:1px;height:var(--swiper-virtual-size)}:root{--swiper-navigation-size:44px}.swiper-button-next,.swiper-button-prev{position:absolute;top:50%;width:calc(var(--swiper-navigation-size)\/44*27);height:var(--swiper-navigation-size);margin-top:calc(0px - (var(--swiper-navigation-size)\/2));z-index:10;cursor:pointer;display:flex;align-items:center;justify-content:center;color:var(--swiper-navigation-color,var(--swiper-theme-color))}.swiper-button-next.swiper-button-disabled,.swiper-button-prev.swiper-button-disabled{opacity:.35;cursor:auto;pointer-events:none}.swiper-button-next.swiper-button-hidden,.swiper-button-prev.swiper-button-hidden{opacity:0;cursor:auto;pointer-events:none}.swiper-navigation-disabled .swiper-button-next,.swiper-navigation-disabled .swiper-button-prev{display:none!important}.swiper-button-next:after,.swiper-button-prev:after{font-size:var(--swiper-navigation-size);text-transform:none!important;letter-spacing:0;font-variant:initial;line-height:1}.swiper-button-prev,.swiper-rtl .swiper-button-next{left:var(--swiper-navigation-sides-offset,10px);right:auto}.swiper-button-prev:after,.swiper-rtl .swiper-button-next:after{content:'\u276e'}.swiper-button-next,.swiper-rtl .swiper-button-prev{right:var(--swiper-navigation-sides-offset,10px);left:auto}.swiper-button-next:after,.swiper-rtl .swiper-button-prev:after{content:'\u276f'}.swiper-button-lock{display:none}.swiper-pagination{position:absolute;text-align:center;transition:.3s opacity;transform:translate3d(0,0,0);z-index:10}.swiper-pagination.swiper-pagination-hidden{opacity:0}.swiper-pagination-disabled>.swiper-pagination,.swiper-pagination.swiper-pagination-disabled{display:none!important}.swiper-horizontal>.swiper-pagination-bullets,.swiper-pagination-bullets.swiper-pagination-horizontal,.swiper-pagination-custom,.swiper-pagination-fraction{bottom:var(--swiper-pagination-bottom,10px);left:0;width:100%;line-height:0}.swiper-pagination-bullet{width:var(--swiper-pagination-bullet-width,var(--swiper-pagination-bullet-size,8px));height:var(--swiper-pagination-bullet-height,var(--swiper-pagination-bullet-size,8px));display:inline-block;border-radius:var(--swiper-pagination-bullet-border-radius,50%);background:var(--swiper-pagination-bullet-inactive-color,#000);opacity:var(--swiper-pagination-bullet-inactive-opacity,.2)}button.swiper-pagination-bullet{border:0;margin:0;padding:0;box-shadow:none;-webkit-appearance:none;appearance:none}.swiper-pagination-clickable .swiper-pagination-bullet{cursor:pointer}.swiper-pagination-bullet:only-child{display:none!important}.swiper-pagination-bullet-active{opacity:var(--swiper-pagination-bullet-opacity,1);background:var(--swiper-pagination-color,var(--swiper-theme-color))}.swiper-pagination-vertical.swiper-pagination-bullets,.swiper-vertical>.swiper-pagination-bullets{right:var(--swiper-pagination-right,10px);left:var(--swiper-pagination-left,auto);top:50%;transform:translate3d(0,-50%,0)}.swiper-pagination-vertical.swiper-pagination-bullets .swiper-pagination-bullet,.swiper-vertical>.swiper-pagination-bullets .swiper-pagination-bullet{margin:var(--swiper-pagination-bullet-vertical-gap,6px) 0;display:block}.swiper-horizontal>.swiper-pagination-bullets .swiper-pagination-bullet,.swiper-pagination-horizontal.swiper-pagination-bullets .swiper-pagination-bullet{margin:0 var(--swiper-pagination-bullet-horizontal-gap,4px)}.swiper-pagination-fraction{color:var(--swiper-pagination-fraction-color,inherit)}.swiper-pagination-lock{display:none}.swiper-scrollbar,.swiper-scrollbar-drag{position:relative;border-radius:var(--swiper-scrollbar-border-radius,10px)}.swiper-scrollbar{-ms-touch-action:none;background:var(--swiper-scrollbar-bg-color,rgba(0,0,0,.1))}.swiper-scrollbar-disabled>.swiper-scrollbar,.swiper-scrollbar.swiper-scrollbar-disabled{display:none!important}.swiper-horizontal>.swiper-scrollbar,.swiper-scrollbar.swiper-scrollbar-horizontal{position:absolute;left:var(--swiper-scrollbar-sides-offset,1%);bottom:var(--swiper-scrollbar-bottom,4px);top:var(--swiper-scrollbar-top,auto);z-index:50;height:var(--swiper-scrollbar-size,4px);width:calc(100% - 2*var(--swiper-scrollbar-sides-offset,1%))}.swiper-scrollbar.swiper-scrollbar-vertical,.swiper-vertical>.swiper-scrollbar{position:absolute;left:var(--swiper-scrollbar-left,auto);right:var(--swiper-scrollbar-right,4px);top:var(--swiper-scrollbar-sides-offset,1%);z-index:50;width:var(--swiper-scrollbar-size,4px);height:calc(100% - 2*var(--swiper-scrollbar-sides-offset,1%))}.swiper-scrollbar-drag{height:100%;width:100%;background:var(--swiper-scrollbar-drag-bg-color,rgba(0,0,0,.5));left:0;top:0}.swiper-scrollbar-cursor-drag{cursor:move}.swiper-scrollbar-lock{display:none}.swiper-zoom-container{width:100%;height:100%;display:flex;justify-content:center;align-items:center;text-align:center}.swiper-zoom-container>canvas,.swiper-zoom-container>img,.swiper-zoom-container>svg{max-width:100%;max-height:100%;object-fit:contain}.swiper-slide-zoomed{cursor:move;touch-action:none}.swiper .swiper-notification,swiper-container .swiper-notification{position:absolute;left:0;top:0;pointer-events:none;opacity:0;z-index:-1000}.swiper-free-mode>.swiper-wrapper{transition-timing-function:ease-out;margin:0 auto}.swiper-cards .swiper-slide,.swiper-creative .swiper-slide{-webkit-backface-visibility:hidden;backface-visibility:hidden;overflow:hidden}.swiper-creative .swiper-slide{transition-property:transform,opacity,height}.swiper-cards{overflow:visible}.swiper-cards .swiper-slide{transform-origin:center bottom}#gspb_row-id-gsbp-585b6c7,#gspb_row-id-gsbp-8c8383b{justify-content:space-between;margin-top:0;margin-bottom:0;display:flex;flex-wrap:wrap}#gspb_row-id-gsbp-8c8383b>.gspb_row__content{display:flex;justify-content:space-between;margin:0 auto;width:100%;flex-wrap:wrap}.gspb_row{position:relative}div[id^=gspb_col-id]{box-sizing:border-box;position:relative;padding:var(--gs-row-column-padding, 15px min(3vw, 20px))}#gspb_col-id-gsbp-51a039f.gspb_row__col--6{width:50%}@media (max-width:575.98px){#gspb_col-id-gsbp-51a039f.gspb_row__col--6{width:100%}}#gspb_col-id-gsbp-0459375.gspb_row__col--6{width:50%}@media (max-width:575.98px){#gspb_col-id-gsbp-0459375.gspb_row__col--6{width:100%}}#gspb_row-id-gsbp-585b6c7>.gspb_row__content{display:flex;justify-content:space-between;margin:0 auto;width:100%;flex-wrap:wrap}body.gspb-bodyfront #gspb_row-id-gsbp-585b6c7>.gspb_row__content,body.gspb-bodyfront #gspb_row-id-gsbp-8c8383b>.gspb_row__content{width:var(--theme-container-width, 1200px);max-width:var(--theme-normal-container-max-width, 1200px)}#gspb_col-id-gsbp-29f68b6.gspb_row__col--12,.gspb_slider-id-gsbp-3099fe0{width:100%}@media (max-width:575.98px){#gspb_col-id-gsbp-29f68b6.gspb_row__col--12{width:100%}}.gspb_slider-id-gsbp-3099fe0 .swiper-slide-inner{min-height:160px;justify-content:center}.gspb_slider-id-gsbp-3099fe0 .swiper-button-next,.gspb_slider-id-gsbp-3099fe0 .swiper-button-prev{top:40%}.gspb_slider-id-gsbp-3099fe0 .swiper-button-prev{left:10px}.gspb_slider-id-gsbp-3099fe0 .swiper-button-next{right:10px}.gspb_slider-id-gsbp-3099fe0 .swiper-slide-inner{align-items:center}.gspb_slider-id-gsbp-3099fe0 .swiper-button-next,.gspb_slider-id-gsbp-3099fe0 .swiper-button-prev{width:66px;height:66px;line-height:66px}.gspb_slider-id-gsbp-3099fe0 .swiper-button-next:after,.gspb_slider-id-gsbp-3099fe0 .swiper-button-prev:after{font-size:26px}.gspb_slider-id-gsbp-3099fe0 .gspb-sliderlink{position:absolute;top:0;left:0;right:0;bottom:0;z-index:3}.gspb_slider-id-gsbp-3099fe0 .swiper-slide-inner>div{position:relative}.gspb_slider-id-gsbp-3099fe0 .swiper-pagination{bottom:10px!important;text-align:center!important}.gspb_slider-id-gsbp-3099fe0 .swiper-scrollbar{visibility:hidden;height:6px;display:none}.gspb_slider-id-gsbp-3099fe0 .swiper-pagination-bullet{width:8px;height:8px;border-radius:100px;transition:width .4s ease-out}.gspb_slider-id-gsbp-3099fe0 .swiper-pagination-bullet-active{width:24px}.gspb_slider-id-gsbp-3099fe0 .swiper-button-next,.gspb_slider-id-gsbp-3099fe0 .swiper-button-prev{box-shadow:20px 20px 60px #58667d5e}.gspb_slider-id-gsbp-3099fe0 [data-block]{margin-top:0;margin-bottom:0}.gspb_slider-id-gsbp-3099fe0 .swiper-slide-inner .wp-block,.gspb_slider-id-gsbp-3099fe0 .swiper-slide-inner.wp-block{max-width:100%}.gspb_slider-id-gsbp-3099fe0 .slider-image-wrapper{top:0;left:0;right:0;bottom:0;position:absolute!important;z-index:0;height:100%;width:100%;overflow:hidden}.gspb_slider-id-gsbp-3099fe0 .slider-image-wrapper img{width:100%;height:100%}.gspb_sliderinner-id-gsbp-0014c19,.gspb_sliderinner-id-gsbp-d6ef218{background-size:contain;display:flex;box-sizing:border-box;background-repeat:no-repeat}#gspb_image-id-gsbp-07471b1 img,#gspb_image-id-gsbp-2bfce81 img,#gspb_image-id-gsbp-7758ec3 img,#gspb_image-id-gsbp-e9557de img{vertical-align:top;display:inline-block;box-sizing:border-box;max-width:100%;height:auto}.gspb_sliderinner-id-gsbp-2b64fd7,.gspb_sliderinner-id-gsbp-7323a7a,.gspb_sliderinner-id-gsbp-78320e0,.gspb_sliderinner-id-gsbp-a98502e,.gspb_sliderinner-id-gsbp-f7a2e10{background-size:contain;display:flex;box-sizing:border-box;background-repeat:no-repeat}#gspb_image-id-gsbp-080d348 img,#gspb_image-id-gsbp-53471e4 img,#gspb_image-id-gsbp-b6a0d00 img,#gspb_image-id-gsbp-f4f4792 img{vertical-align:top;display:inline-block;box-sizing:border-box;max-width:100%;height:auto}","footnotes":""},"class_list":["post-12787","page","type-page","status-publish","hentry"],"blocksy_meta":[],"_links":{"self":[{"href":"https:\/\/thimble.gr\/sv\/wp-json\/wp\/v2\/pages\/12787","targetHints":{"allow":["GET"]}}],"collection":[{"href":"https:\/\/thimble.gr\/sv\/wp-json\/wp\/v2\/pages"}],"about":[{"href":"https:\/\/thimble.gr\/sv\/wp-json\/wp\/v2\/types\/page"}],"author":[{"embeddable":true,"href":"https:\/\/thimble.gr\/sv\/wp-json\/wp\/v2\/users\/187"}],"replies":[{"embeddable":true,"href":"https:\/\/thimble.gr\/sv\/wp-json\/wp\/v2\/comments?post=12787"}],"version-history":[{"count":1,"href":"https:\/\/thimble.gr\/sv\/wp-json\/wp\/v2\/pages\/12787\/revisions"}],"predecessor-version":[{"id":13335,"href":"https:\/\/thimble.gr\/sv\/wp-json\/wp\/v2\/pages\/12787\/revisions\/13335"}],"wp:attachment":[{"href":"https:\/\/thimble.gr\/sv\/wp-json\/wp\/v2\/media?parent=12787"}],"curies":[{"name":"wp","href":"https:\/\/api.w.org\/{rel}","templated":true}]}}