{"id":11120,"date":"2024-09-18T14:56:32","date_gmt":"2024-09-18T14:56:32","guid":{"rendered":"https:\/\/thimble.gr\/product\/korean-sweatshirt-cats-choose-us\/"},"modified":"2025-03-01T00:00:03","modified_gmt":"2025-02-28T22:00:03","slug":"i-gatti-coreani-in-felpa-scelgono-noi","status":"publish","type":"product","link":"https:\/\/thimble.gr\/it\/\u03c0\u03c1\u03bf\u03ca\u03cc\u03bd\u03c4\u03b1\/korean-sweatshirt-cats-choose-us\/","title":{"rendered":"I gatti coreani in felpa scelgono noi"},"content":{"rendered":"","protected":false},"excerpt":{"rendered":"<p>I gatti coreani in felpa scelgono noi, non siamo noi i proprietari.<\/p>\n<p>La felpa bianca con la scritta \"\uace0\uc591\uc774\ub294 \uc6b0\ub9ac\ub97c \uc120\ud0dd\ud558\uc9c0, \uc6b0\ub9ac\uac00 \uace0\uc591\uc774\ub97c \uc18c\uc720\ud558\ub294 \uac83\uc774 \uc544\ub2c8\uc5d0\uc694\". \u00e8 la scelta definitiva per gli amanti dei gatti che vogliono esprimere il loro amore con stile. Sul lato anteriore, questa frase, che si traduce in \"I gatti ci scelgono, non li possediamo\", \u00e8 scritta in caratteri neri, creando un bellissimo contrasto con il tessuto bianco della felpa.<\/p>\n<p>La felpa \u00e8 realizzata in tessuto di cotone di alta qualit\u00e0 che offre una sensazione di morbidezza sulla pelle e un comfort duraturo. Il suo taglio classico e la sua vestibilit\u00e0 rilassata la rendono ideale per essere indossata tutti i giorni, mentre la sua morbida fodera garantisce calore nelle giornate fredde. La felpa \u00e8 stata progettata con attenzione ai dettagli, tra cui cuciture rinforzate e un'ottima vestibilit\u00e0 che non perde la sua forma anche dopo diversi lavaggi.<\/p>\n<p>Questa felpa combina funzionalit\u00e0 ed espressione personale, rendendola ideale per tutti gli amanti dei gatti che desiderano mostrare il loro amore per gli amati amici a quattro zampe. Che la indossiate per una passeggiata o per una giornata di relax a casa, questa felpa vi terr\u00e0 compagnia in tutta comodit\u00e0 e stile.<\/p>","protected":false},"featured_media":12414,"comment_status":"open","ping_status":"open","template":"","meta":{"_gspb_post_css":""},"product_brand":[],"product_cat":[74,111],"product_tag":[],"class_list":{"0":"post-11120","1":"product","2":"type-product","3":"status-publish","4":"has-post-thumbnail","6":"product_cat-new","7":"product_cat-111","8":"pa_-large","9":"pa_-medium","10":"pa_-small","11":"pa_-xtra-large","12":"pa_-xtra-small","13":"pa_-xxl","15":"first","16":"instock","17":"taxable","18":"shipping-taxable","19":"purchasable","20":"product-type-variable"},"_links":{"self":[{"href":"https:\/\/thimble.gr\/it\/wp-json\/wp\/v2\/product\/11120","targetHints":{"allow":["GET"]}}],"collection":[{"href":"https:\/\/thimble.gr\/it\/wp-json\/wp\/v2\/product"}],"about":[{"href":"https:\/\/thimble.gr\/it\/wp-json\/wp\/v2\/types\/product"}],"replies":[{"embeddable":true,"href":"https:\/\/thimble.gr\/it\/wp-json\/wp\/v2\/comments?post=11120"}],"wp:featuredmedia":[{"embeddable":true,"href":"https:\/\/thimble.gr\/it\/wp-json\/wp\/v2\/media\/12414"}],"wp:attachment":[{"href":"https:\/\/thimble.gr\/it\/wp-json\/wp\/v2\/media?parent=11120"}],"wp:term":[{"taxonomy":"product_brand","embeddable":true,"href":"https:\/\/thimble.gr\/it\/wp-json\/wp\/v2\/product_brand?post=11120"},{"taxonomy":"product_cat","embeddable":true,"href":"https:\/\/thimble.gr\/it\/wp-json\/wp\/v2\/product_cat?post=11120"},{"taxonomy":"product_tag","embeddable":true,"href":"https:\/\/thimble.gr\/it\/wp-json\/wp\/v2\/product_tag?post=11120"}],"curies":[{"name":"wp","href":"https:\/\/api.w.org\/{rel}","templated":true}]}}