{"id":9631,"date":"2023-08-04T20:27:07","date_gmt":"2023-08-04T20:27:07","guid":{"rendered":"https:\/\/thimble.gr\/product\/yukata-kiharu-nakamura\/"},"modified":"2025-01-08T13:21:59","modified_gmt":"2025-01-08T11:21:59","slug":"yukata-kiharu-nakamura","status":"publish","type":"product","link":"https:\/\/thimble.gr\/fr\/\u03c0\u03c1\u03bf\u03ca\u03cc\u03bd\u03c4\u03b1\/yukata-kiharu-nakamura\/","title":{"rendered":"Yukata Kiharu Nakamura \u4e2d\u6751 \u559c\u6625"},"content":{"rendered":"<p>Yukata en viscose 100%, cousu \u00e0 la main avec des coutures cach\u00e9es dans les parties visibles, con\u00e7u, coup\u00e9 et cousu selon la technique traditionnelle du Yukata. Sur un fond bleu fonc\u00e9, un jardin de verdure, des fleurs bleues et roses. Les Yukata sont traditionnellement port\u00e9s au Japon de mai \u00e0 octobre, sont plus l\u00e9gers que les Furishode et ne sont pas doubl\u00e9s, ce qui en fait un choix id\u00e9al pour le climat grec.<\/p>\n<p>Lavable \u00e0 40 degr\u00e9s et repassage \u00e0 basse temp\u00e9rature pour les tissus en viscose et en coton.<\/p>","protected":false},"excerpt":{"rendered":"<p>Yukata Kimono cousu \u00e0 la main selon la technique traditionnelle du yukata, nomm\u00e9 d'apr\u00e8s la c\u00e9l\u00e8bre geisha Kiharu Nakamura \u4e2d\u6751 \u559c\u6625.<\/p>","protected":false},"featured_media":11553,"comment_status":"closed","ping_status":"closed","template":"","meta":{"_gspb_post_css":""},"product_brand":[],"product_cat":[115,66],"product_tag":[56],"class_list":{"0":"post-9631","1":"product","2":"type-product","3":"status-publish","4":"has-post-thumbnail","6":"product_cat-yukata","7":"product_cat-66","8":"product_tag-womans-kimonos","9":"pa_-large-xlarge","10":"pa_-small-medium","11":"pa_-multiple-colors","12":"pa_-85","14":"first","15":"outofstock","16":"taxable","17":"shipping-taxable","18":"purchasable","19":"product-type-variable"},"_links":{"self":[{"href":"https:\/\/thimble.gr\/fr\/wp-json\/wp\/v2\/product\/9631","targetHints":{"allow":["GET"]}}],"collection":[{"href":"https:\/\/thimble.gr\/fr\/wp-json\/wp\/v2\/product"}],"about":[{"href":"https:\/\/thimble.gr\/fr\/wp-json\/wp\/v2\/types\/product"}],"replies":[{"embeddable":true,"href":"https:\/\/thimble.gr\/fr\/wp-json\/wp\/v2\/comments?post=9631"}],"wp:featuredmedia":[{"embeddable":true,"href":"https:\/\/thimble.gr\/fr\/wp-json\/wp\/v2\/media\/11553"}],"wp:attachment":[{"href":"https:\/\/thimble.gr\/fr\/wp-json\/wp\/v2\/media?parent=9631"}],"wp:term":[{"taxonomy":"product_brand","embeddable":true,"href":"https:\/\/thimble.gr\/fr\/wp-json\/wp\/v2\/product_brand?post=9631"},{"taxonomy":"product_cat","embeddable":true,"href":"https:\/\/thimble.gr\/fr\/wp-json\/wp\/v2\/product_cat?post=9631"},{"taxonomy":"product_tag","embeddable":true,"href":"https:\/\/thimble.gr\/fr\/wp-json\/wp\/v2\/product_tag?post=9631"}],"curies":[{"name":"wp","href":"https:\/\/api.w.org\/{rel}","templated":true}]}}