{"id":9598,"date":"2023-07-13T20:51:52","date_gmt":"2023-07-13T20:51:52","guid":{"rendered":"https:\/\/thimble.gr\/product\/sada-koyama-beto\/"},"modified":"2024-12-12T14:39:33","modified_gmt":"2024-12-12T14:39:33","slug":"sada-koyama-beto","status":"publish","type":"product","link":"https:\/\/thimble.gr\/fr\/\u03c0\u03c1\u03bf\u03ca\u03cc\u03bd\u03c4\u03b1\/sada-koyama-beto\/","title":{"rendered":"SADA KOYAMA BETO"},"content":{"rendered":"<p>Sada Koyama est un sac beto classique, un sac utilitaire de tous les jours qui se ferme \u00e0 l'aide d'un bouton. Tissu Kyoto avec motif japonais original, dragons rouge vif et charbon de bois, inspir\u00e9 de l'art japonais et du nom de la c\u00e9l\u00e8bre geisha Sada Koyama. Cr\u00e9\u00e9 enti\u00e8rement \u00e0 la main en un seul et unique exemplaire.<\/p>","protected":false},"excerpt":{"rendered":"<p>Sac pratique pour tous les jours, qui se ferme \u00e0 l'aide d'un bouton. Tissu Kyoto avec motif japonais original, dragons rouge vif et charbon de bois, inspir\u00e9 de l'art japonais et du nom de la c\u00e9l\u00e8bre geisha Sada Koyama.<\/p>","protected":false},"featured_media":9599,"comment_status":"closed","ping_status":"open","template":"","meta":{"_gspb_post_css":""},"product_brand":[],"product_cat":[68],"product_tag":[],"class_list":{"0":"post-9598","1":"product","2":"type-product","3":"status-publish","4":"has-post-thumbnail","6":"product_cat-68","8":"first","9":"outofstock","10":"taxable","11":"shipping-taxable","12":"purchasable","13":"product-type-simple"},"_links":{"self":[{"href":"https:\/\/thimble.gr\/fr\/wp-json\/wp\/v2\/product\/9598","targetHints":{"allow":["GET"]}}],"collection":[{"href":"https:\/\/thimble.gr\/fr\/wp-json\/wp\/v2\/product"}],"about":[{"href":"https:\/\/thimble.gr\/fr\/wp-json\/wp\/v2\/types\/product"}],"replies":[{"embeddable":true,"href":"https:\/\/thimble.gr\/fr\/wp-json\/wp\/v2\/comments?post=9598"}],"wp:featuredmedia":[{"embeddable":true,"href":"https:\/\/thimble.gr\/fr\/wp-json\/wp\/v2\/media\/9599"}],"wp:attachment":[{"href":"https:\/\/thimble.gr\/fr\/wp-json\/wp\/v2\/media?parent=9598"}],"wp:term":[{"taxonomy":"product_brand","embeddable":true,"href":"https:\/\/thimble.gr\/fr\/wp-json\/wp\/v2\/product_brand?post=9598"},{"taxonomy":"product_cat","embeddable":true,"href":"https:\/\/thimble.gr\/fr\/wp-json\/wp\/v2\/product_cat?post=9598"},{"taxonomy":"product_tag","embeddable":true,"href":"https:\/\/thimble.gr\/fr\/wp-json\/wp\/v2\/product_tag?post=9598"}],"curies":[{"name":"wp","href":"https:\/\/api.w.org\/{rel}","templated":true}]}}