{"id":13608,"date":"2025-10-22T11:44:42","date_gmt":"2025-10-22T08:44:42","guid":{"rendered":"https:\/\/thimble.gr\/?post_type=product&#038;p=13608"},"modified":"2025-10-22T11:51:54","modified_gmt":"2025-10-22T08:51:54","slug":"bonnet-japonais-manteau-nagare-no-kaze","status":"publish","type":"product","link":"https:\/\/thimble.gr\/fr\/\u03c0\u03c1\u03bf\u03ca\u03cc\u03bd\u03c4\u03b1\/japanese-cap-coat-nagare-no-kaze\/","title":{"rendered":"Manteau \u00e0 casquette japonais Nagare no Kaze"},"content":{"rendered":"","protected":false},"excerpt":{"rendered":"<p>Le manteau \u00e0 capuchon japonais Nagare no Kaze est une pi\u00e8ce unique, fabriqu\u00e9e \u00e0 la main, inspir\u00e9e par l'esth\u00e9tique japonaise de la fluidit\u00e9 et de la simplicit\u00e9. Fabriqu\u00e9 en laine ultra-douce avec un motif classique \u00e0 chevrons, il offre une sensation de luxe et de confort.<\/p>\n<p>Sa ligne surdimensionn\u00e9e et ses lignes \u00e9pur\u00e9es et g\u00e9om\u00e9triques refl\u00e8tent les principes du tailleur japonais : harmonie, \u00e9quilibre et fonctionnalit\u00e9. Il est dot\u00e9 de deux poches spacieuses et d'une doublure en popeline de coton pour plus de chaleur et de durabilit\u00e9.<\/p>\n<p>Il se ferme sur le devant \u00e0 l'aide de deux fines ceintures, ce qui permet de le nouer et de le coiffer de diff\u00e9rentes mani\u00e8res. Il peut \u00eatre port\u00e9 comme manteau ext\u00e9rieur ou comme \u00e9l\u00e9ment d'un ensemble superpos\u00e9, d\u00e9gageant une impression de flux naturel - comme son nom, Nagare no Kaze (le courant de vent).<\/p>","protected":false},"featured_media":13618,"comment_status":"closed","ping_status":"closed","template":"","meta":{"_gspb_post_css":""},"product_brand":[],"product_cat":[66,132,74],"product_tag":[],"class_list":{"0":"post-13608","1":"product","2":"type-product","3":"status-publish","4":"has-post-thumbnail","6":"product_cat-66","7":"product_cat-coats","8":"product_cat-new","9":"pa_-large-xlarge","10":"pa_-small-medium","11":"pa_-xxl","13":"first","14":"instock","15":"taxable","16":"shipping-taxable","17":"purchasable","18":"product-type-variable"},"_links":{"self":[{"href":"https:\/\/thimble.gr\/fr\/wp-json\/wp\/v2\/product\/13608","targetHints":{"allow":["GET"]}}],"collection":[{"href":"https:\/\/thimble.gr\/fr\/wp-json\/wp\/v2\/product"}],"about":[{"href":"https:\/\/thimble.gr\/fr\/wp-json\/wp\/v2\/types\/product"}],"replies":[{"embeddable":true,"href":"https:\/\/thimble.gr\/fr\/wp-json\/wp\/v2\/comments?post=13608"}],"wp:featuredmedia":[{"embeddable":true,"href":"https:\/\/thimble.gr\/fr\/wp-json\/wp\/v2\/media\/13618"}],"wp:attachment":[{"href":"https:\/\/thimble.gr\/fr\/wp-json\/wp\/v2\/media?parent=13608"}],"wp:term":[{"taxonomy":"product_brand","embeddable":true,"href":"https:\/\/thimble.gr\/fr\/wp-json\/wp\/v2\/product_brand?post=13608"},{"taxonomy":"product_cat","embeddable":true,"href":"https:\/\/thimble.gr\/fr\/wp-json\/wp\/v2\/product_cat?post=13608"},{"taxonomy":"product_tag","embeddable":true,"href":"https:\/\/thimble.gr\/fr\/wp-json\/wp\/v2\/product_tag?post=13608"}],"curies":[{"name":"wp","href":"https:\/\/api.w.org\/{rel}","templated":true}]}}