{"id":10910,"date":"2024-06-19T21:28:05","date_gmt":"2024-06-19T21:28:05","guid":{"rendered":"https:\/\/thimble.gr\/product\/chinese-fan-whispering-bamboo\/"},"modified":"2024-12-12T14:48:10","modified_gmt":"2024-12-12T14:48:10","slug":"eventail-chinois-chuchotant-bambou","status":"publish","type":"product","link":"https:\/\/thimble.gr\/fr\/\u03c0\u03c1\u03bf\u03ca\u03cc\u03bd\u03c4\u03b1\/chinese-fan-whispering-bamboo\/","title":{"rendered":"\u00c9ventail chinois Bambou chuchotant"},"content":{"rendered":"","protected":false},"excerpt":{"rendered":"<p>*\u00c9ventail chinois Bambou chuchotant \u00b6<\/p>\n<p>L'\u00e9ventail chinois Whispering Bamboo est une \u0153uvre d'art exquise qui allie l'esth\u00e9tique \u00e0 la praticit\u00e9. D'un c\u00f4t\u00e9 de l'\u00e9ventail, des plantes bien connues de la nature chinoise sont repr\u00e9sent\u00e9es, capturant le charme et la magie du paysage naturel. De l'autre c\u00f4t\u00e9, des id\u00e9ogrammes chinois ajoutent une touche de calligraphie traditionnelle, renfor\u00e7ant l'authenticit\u00e9 et la valeur artistique de l'\u00e9ventail.<\/p>\n<p>Avec un rayon de 32 cm, le Whispering Bamboo est id\u00e9al \u00e0 la fois comme ventilateur \u00e0 main et comme objet de d\u00e9coration. Sa construction durable permet une utilisation quotidienne pour vous rafra\u00eechir lors des journ\u00e9es chaudes, tandis que son design \u00e9l\u00e9gant en fait l'objet parfait pour d\u00e9corer votre espace. Ce ventilateur est l\u00e9ger et facile \u00e0 transporter, parfait pour toutes les occasions.<\/p>\n<p>Faites ressortir votre c\u00f4t\u00e9 sophistiqu\u00e9 avec l'\u00e9ventail chinois Whispering Bamboo, un accessoire qui respire la tranquillit\u00e9 et l'\u00e9l\u00e9gance, et qui apporte la beaut\u00e9 de la nature et de la culture chinoises dans votre vie de tous les jours.<\/p>","protected":false},"featured_media":12342,"comment_status":"open","ping_status":"open","template":"","meta":{"_gspb_post_css":""},"product_brand":[],"product_cat":[71],"product_tag":[],"class_list":{"0":"post-10910","1":"product","2":"type-product","3":"status-publish","4":"has-post-thumbnail","6":"product_cat-71","7":"pa_-92","9":"first","10":"outofstock","11":"taxable","12":"shipping-taxable","13":"purchasable","14":"product-type-simple"},"_links":{"self":[{"href":"https:\/\/thimble.gr\/fr\/wp-json\/wp\/v2\/product\/10910","targetHints":{"allow":["GET"]}}],"collection":[{"href":"https:\/\/thimble.gr\/fr\/wp-json\/wp\/v2\/product"}],"about":[{"href":"https:\/\/thimble.gr\/fr\/wp-json\/wp\/v2\/types\/product"}],"replies":[{"embeddable":true,"href":"https:\/\/thimble.gr\/fr\/wp-json\/wp\/v2\/comments?post=10910"}],"wp:featuredmedia":[{"embeddable":true,"href":"https:\/\/thimble.gr\/fr\/wp-json\/wp\/v2\/media\/12342"}],"wp:attachment":[{"href":"https:\/\/thimble.gr\/fr\/wp-json\/wp\/v2\/media?parent=10910"}],"wp:term":[{"taxonomy":"product_brand","embeddable":true,"href":"https:\/\/thimble.gr\/fr\/wp-json\/wp\/v2\/product_brand?post=10910"},{"taxonomy":"product_cat","embeddable":true,"href":"https:\/\/thimble.gr\/fr\/wp-json\/wp\/v2\/product_cat?post=10910"},{"taxonomy":"product_tag","embeddable":true,"href":"https:\/\/thimble.gr\/fr\/wp-json\/wp\/v2\/product_tag?post=10910"}],"curies":[{"name":"wp","href":"https:\/\/api.w.org\/{rel}","templated":true}]}}