{"id":10494,"date":"2024-03-16T10:29:43","date_gmt":"2024-03-16T10:29:43","guid":{"rendered":"https:\/\/thimble.gr\/product\/japanese-apron-koi-fish-blue\/"},"modified":"2024-12-12T14:45:43","modified_gmt":"2024-12-12T14:45:43","slug":"tablier-japonais-poisson-koi-bleu","status":"publish","type":"product","link":"https:\/\/thimble.gr\/fr\/\u03c0\u03c1\u03bf\u03ca\u03cc\u03bd\u03c4\u03b1\/japanese-apron-koi-fish-blue\/","title":{"rendered":"TABLIER JAPONAIS POISSON KOI BLEU"},"content":{"rendered":"","protected":false},"excerpt":{"rendered":"<p>Tablier japonais Bleu Koi.<\/p>\n<p>Le tablier japonais fait main repr\u00e9sentant un ko\u00ef bleu d\u00e9gage une aura d'authenticit\u00e9 et d'\u00e9l\u00e9gance. Fabriqu\u00e9 avec soin et attention, ce tablier est une \u0153uvre d'art unique qui met en valeur la beaut\u00e9 et la riche tradition de la culture japonaise.<\/p>\n<p>Le ko\u00ef bleu, symbole d'harmonie et de bonheur dans la tradition japonaise, appara\u00eet avec des couleurs vives et des lignes d\u00e9taill\u00e9es sur la surface du tablier. L'esth\u00e9tique du bleu koi est combin\u00e9e \u00e0 la douceur et \u00e0 la durabilit\u00e9 du tissu, cr\u00e9ant ainsi une pi\u00e8ce durable et pratique qui peut \u00eatre utilis\u00e9e quotidiennement.<\/p>\n<p>Le tablier japonais est dot\u00e9 de bretelles r\u00e9glables pour une tenue confortable et un ajustement \u00e0 toutes les morphologies. Il est id\u00e9al pour prot\u00e9ger vos v\u00eatements lorsque vous cuisinez, travaillez dans le jardin ou m\u00eame dans un environnement professionnel.<\/p>\n<p>Dans l'ensemble, le tablier japonais bleu koi fait \u00e0 la main est une combinaison sophistiqu\u00e9e de tradition et de fonctionnalit\u00e9, offrant style et praticit\u00e9 dans chaque utilisation.<\/p>","protected":false},"featured_media":12135,"comment_status":"open","ping_status":"open","template":"","meta":{"_gspb_post_css":""},"product_brand":[],"product_cat":[78],"product_tag":[],"class_list":{"0":"post-10494","1":"product","2":"type-product","3":"status-publish","4":"has-post-thumbnail","6":"product_cat-78","8":"first","9":"instock","10":"taxable","11":"shipping-taxable","12":"purchasable","13":"product-type-simple"},"_links":{"self":[{"href":"https:\/\/thimble.gr\/fr\/wp-json\/wp\/v2\/product\/10494","targetHints":{"allow":["GET"]}}],"collection":[{"href":"https:\/\/thimble.gr\/fr\/wp-json\/wp\/v2\/product"}],"about":[{"href":"https:\/\/thimble.gr\/fr\/wp-json\/wp\/v2\/types\/product"}],"replies":[{"embeddable":true,"href":"https:\/\/thimble.gr\/fr\/wp-json\/wp\/v2\/comments?post=10494"}],"wp:featuredmedia":[{"embeddable":true,"href":"https:\/\/thimble.gr\/fr\/wp-json\/wp\/v2\/media\/12135"}],"wp:attachment":[{"href":"https:\/\/thimble.gr\/fr\/wp-json\/wp\/v2\/media?parent=10494"}],"wp:term":[{"taxonomy":"product_brand","embeddable":true,"href":"https:\/\/thimble.gr\/fr\/wp-json\/wp\/v2\/product_brand?post=10494"},{"taxonomy":"product_cat","embeddable":true,"href":"https:\/\/thimble.gr\/fr\/wp-json\/wp\/v2\/product_cat?post=10494"},{"taxonomy":"product_tag","embeddable":true,"href":"https:\/\/thimble.gr\/fr\/wp-json\/wp\/v2\/product_tag?post=10494"}],"curies":[{"name":"wp","href":"https:\/\/api.w.org\/{rel}","templated":true}]}}