{"id":10233,"date":"2024-02-19T19:46:39","date_gmt":"2024-02-19T19:46:39","guid":{"rendered":"https:\/\/thimble.gr\/product\/gingo-flap-bag-with-purple-tassels\/"},"modified":"2025-03-28T19:50:24","modified_gmt":"2025-03-28T17:50:24","slug":"sac-a-rabat-gingo-avec-pompons-violets","status":"publish","type":"product","link":"https:\/\/thimble.gr\/fr\/\u03c0\u03c1\u03bf\u03ca\u03cc\u03bd\u03c4\u03b1\/gingo-flap-bag-with-purple-tassels\/","title":{"rendered":"SAC \u00c0 RABAT GINGO AVEC POMPONS VIOLETS"},"content":{"rendered":"","protected":false},"excerpt":{"rendered":"<p>SAC A VOLET en toile tiss\u00e9e repr\u00e9sentant le gingo japonais. Avec lani\u00e8re noire et fermoir en m\u00e9tal.<\/p>\n<p>Dimensions 32*16 et profondeur 8 cm.<\/p>","protected":false},"featured_media":11938,"comment_status":"open","ping_status":"closed","template":"","meta":{"_gspb_post_css":""},"product_brand":[],"product_cat":[65],"product_tag":[],"class_list":{"0":"post-10233","1":"product","2":"type-product","3":"status-publish","4":"has-post-thumbnail","6":"product_cat-65","8":"first","9":"outofstock","10":"taxable","11":"shipping-taxable","12":"purchasable","13":"product-type-simple"},"_links":{"self":[{"href":"https:\/\/thimble.gr\/fr\/wp-json\/wp\/v2\/product\/10233","targetHints":{"allow":["GET"]}}],"collection":[{"href":"https:\/\/thimble.gr\/fr\/wp-json\/wp\/v2\/product"}],"about":[{"href":"https:\/\/thimble.gr\/fr\/wp-json\/wp\/v2\/types\/product"}],"replies":[{"embeddable":true,"href":"https:\/\/thimble.gr\/fr\/wp-json\/wp\/v2\/comments?post=10233"}],"wp:featuredmedia":[{"embeddable":true,"href":"https:\/\/thimble.gr\/fr\/wp-json\/wp\/v2\/media\/11938"}],"wp:attachment":[{"href":"https:\/\/thimble.gr\/fr\/wp-json\/wp\/v2\/media?parent=10233"}],"wp:term":[{"taxonomy":"product_brand","embeddable":true,"href":"https:\/\/thimble.gr\/fr\/wp-json\/wp\/v2\/product_brand?post=10233"},{"taxonomy":"product_cat","embeddable":true,"href":"https:\/\/thimble.gr\/fr\/wp-json\/wp\/v2\/product_cat?post=10233"},{"taxonomy":"product_tag","embeddable":true,"href":"https:\/\/thimble.gr\/fr\/wp-json\/wp\/v2\/product_tag?post=10233"}],"curies":[{"name":"wp","href":"https:\/\/api.w.org\/{rel}","templated":true}]}}