{"id":9518,"date":"2023-06-28T15:26:21","date_gmt":"2023-06-28T15:26:21","guid":{"rendered":"https:\/\/thimble.gr\/product\/aoi-haru-inbag-pouch\/"},"modified":"2024-12-12T14:39:25","modified_gmt":"2024-12-12T14:39:25","slug":"bolsa-aoi-haru-inbag","status":"publish","type":"product","link":"https:\/\/thimble.gr\/es\/\u03c0\u03c1\u03bf\u03ca\u03cc\u03bd\u03c4\u03b1\/aoi-haru-inbag-pouch\/","title":{"rendered":"BOLSA AOI HARU INBAG"},"content":{"rendered":"<p>Bolsa de cosm\u00e9ticos, bolsa de agua o bolsa interior. Tejido de algod\u00f3n de Osaka con el caracter\u00edstico azul profundo japon\u00e9s e intrincados contornos dorados, \u00fanicos en el mundo textil. Toda una primavera azul en una bolsa nesser utilitaria.<\/p>\n<p>Aoi Haru ha sido creada en un \u00fanico ejemplar, \u00a1el \u00fanico que tendr\u00e1s en tus manos!<\/p>","protected":false},"excerpt":{"rendered":"<p>Bolsa de cosm\u00e9ticos, bolsa de agua o bolsa interior. Tejido de algod\u00f3n de Osaka con el caracter\u00edstico azul profundo japon\u00e9s e intrincados contornos dorados, \u00fanicos en el mundo textil. Toda una primavera azul en una bolsa nesser utilitaria.<\/p>\n<p>Aoi Haru ha sido creada en un \u00fanico ejemplar, \u00a1el \u00fanico que tendr\u00e1s en tus manos!<\/p>","protected":false},"featured_media":11518,"comment_status":"closed","ping_status":"open","template":"","meta":{"_gspb_post_css":""},"product_brand":[],"product_cat":[65],"product_tag":[],"class_list":{"0":"post-9518","1":"product","2":"type-product","3":"status-publish","4":"has-post-thumbnail","6":"product_cat-65","8":"first","9":"onbackorder","10":"taxable","11":"shipping-taxable","12":"purchasable","13":"product-type-simple"},"_links":{"self":[{"href":"https:\/\/thimble.gr\/es\/wp-json\/wp\/v2\/product\/9518","targetHints":{"allow":["GET"]}}],"collection":[{"href":"https:\/\/thimble.gr\/es\/wp-json\/wp\/v2\/product"}],"about":[{"href":"https:\/\/thimble.gr\/es\/wp-json\/wp\/v2\/types\/product"}],"replies":[{"embeddable":true,"href":"https:\/\/thimble.gr\/es\/wp-json\/wp\/v2\/comments?post=9518"}],"wp:featuredmedia":[{"embeddable":true,"href":"https:\/\/thimble.gr\/es\/wp-json\/wp\/v2\/media\/11518"}],"wp:attachment":[{"href":"https:\/\/thimble.gr\/es\/wp-json\/wp\/v2\/media?parent=9518"}],"wp:term":[{"taxonomy":"product_brand","embeddable":true,"href":"https:\/\/thimble.gr\/es\/wp-json\/wp\/v2\/product_brand?post=9518"},{"taxonomy":"product_cat","embeddable":true,"href":"https:\/\/thimble.gr\/es\/wp-json\/wp\/v2\/product_cat?post=9518"},{"taxonomy":"product_tag","embeddable":true,"href":"https:\/\/thimble.gr\/es\/wp-json\/wp\/v2\/product_tag?post=9518"}],"curies":[{"name":"wp","href":"https:\/\/api.w.org\/{rel}","templated":true}]}}