{"id":10979,"date":"2024-07-08T19:31:29","date_gmt":"2024-07-08T19:31:29","guid":{"rendered":"https:\/\/thimble.gr\/product\/japanese-pants-momo-hakama-in-purple\/"},"modified":"2025-01-08T12:54:26","modified_gmt":"2025-01-08T10:54:26","slug":"pantalones-japoneses-momo-hakama-en-morado","status":"publish","type":"product","link":"https:\/\/thimble.gr\/es\/\u03c0\u03c1\u03bf\u03ca\u03cc\u03bd\u03c4\u03b1\/japanese-pants-momo-hakama-in-purple\/","title":{"rendered":"Pantal\u00f3n japon\u00e9s Momo Hakama en morado"},"content":{"rendered":"","protected":false},"excerpt":{"rendered":"<p>Descubra los exclusivos pantalones Hakama Style en un elegante color morado, confeccionados a mano con tejido de algod\u00f3n de alta calidad. El brillo natural resultante del exquisito tejido de la tela confiere a los pantalones una sensaci\u00f3n de lujo y sofisticaci\u00f3n.<\/p>\n<p>Inspirados en los tradicionales pantalones hakama japoneses, estos pantalones combinan la est\u00e9tica cl\u00e1sica japonesa con la comodidad moderna. Perfectos para cualquier ocasi\u00f3n, desde looks diarios hasta ocasiones especiales, los pantalones Hakama Style se convertir\u00e1n en una pieza favorita de tu armario.<\/p>\n<p>Hechos a mano con atenci\u00f3n al detalle, cada pantal\u00f3n es \u00fanico y muestra el arte de la moda tradicional japonesa. El tejido de algod\u00f3n ofrece una textura suave y comodidad, mientras que su brillo natural lo hace destacar.<\/p>\n<p>Adopte la tradici\u00f3n y el estilo con estos exquisitos pantalones morados estilo Hakama y a\u00f1ada un toque de elegancia oriental a su colecci\u00f3n.<\/p>\n<p>La costura de la hakama se realiza en el momento del pedido, y el tiempo habitual de preparaci\u00f3n y env\u00edo es de 3 a 5 d\u00edas laborables.<\/p>\n<p>Su tallaje es por dos tallas, calculado sobre un pantal\u00f3n vaquero cl\u00e1sico, y eso se debe a que los pliegues y el ribete del cintur\u00f3n cubren dos tallas con facilidad.<\/p>","protected":false},"featured_media":12386,"comment_status":"open","ping_status":"closed","template":"","meta":{"_gspb_post_css":""},"product_brand":[],"product_cat":[119,66],"product_tag":[56],"class_list":{"0":"post-10979","1":"product","2":"type-product","3":"status-publish","4":"has-post-thumbnail","6":"product_cat-hakama","7":"product_cat-66","8":"product_tag-womans-kimonos","9":"pa_--28-30","10":"pa_--32-34","11":"pa_--36-38","12":"pa_--40-42","13":"pa_-100","15":"first","16":"instock","17":"taxable","18":"shipping-taxable","19":"purchasable","20":"product-type-variable"},"_links":{"self":[{"href":"https:\/\/thimble.gr\/es\/wp-json\/wp\/v2\/product\/10979","targetHints":{"allow":["GET"]}}],"collection":[{"href":"https:\/\/thimble.gr\/es\/wp-json\/wp\/v2\/product"}],"about":[{"href":"https:\/\/thimble.gr\/es\/wp-json\/wp\/v2\/types\/product"}],"replies":[{"embeddable":true,"href":"https:\/\/thimble.gr\/es\/wp-json\/wp\/v2\/comments?post=10979"}],"wp:featuredmedia":[{"embeddable":true,"href":"https:\/\/thimble.gr\/es\/wp-json\/wp\/v2\/media\/12386"}],"wp:attachment":[{"href":"https:\/\/thimble.gr\/es\/wp-json\/wp\/v2\/media?parent=10979"}],"wp:term":[{"taxonomy":"product_brand","embeddable":true,"href":"https:\/\/thimble.gr\/es\/wp-json\/wp\/v2\/product_brand?post=10979"},{"taxonomy":"product_cat","embeddable":true,"href":"https:\/\/thimble.gr\/es\/wp-json\/wp\/v2\/product_cat?post=10979"},{"taxonomy":"product_tag","embeddable":true,"href":"https:\/\/thimble.gr\/es\/wp-json\/wp\/v2\/product_tag?post=10979"}],"curies":[{"name":"wp","href":"https:\/\/api.w.org\/{rel}","templated":true}]}}