{"id":10649,"date":"2024-04-30T20:59:12","date_gmt":"2024-04-30T20:59:12","guid":{"rendered":"https:\/\/thimble.gr\/product\/%ce%ba%ce%b9%ce%bc%ce%bf%ce%bd%cf%8c-yukata-%ce%b1%cf%80%ce%b1%ce%bb%cf%8c-%cf%81%ce%bf%ce%b6-%cf%8c%ce%bd%ce%b5%ce%b9%cf%81%ce%bf\/"},"modified":"2026-03-19T15:41:58","modified_gmt":"2026-03-19T13:41:58","slug":"%ce%ba%ce%b9%ce%bc%ce%bf%ce%bd%cf%8c-yukata-%ce%b1%cf%80%ce%b1%ce%bb%cf%8c-%cf%81%ce%bf%ce%b6-%cf%8c%ce%bd%ce%b5%ce%b9%cf%81%ce%bf","status":"publish","type":"product","link":"https:\/\/thimble.gr\/es\/\u03c0\u03c1\u03bf\u03ca\u03cc\u03bd\u03c4\u03b1\/%ce%ba%ce%b9%ce%bc%ce%bf%ce%bd%cf%8c-yukata-%ce%b1%cf%80%ce%b1%ce%bb%cf%8c-%cf%81%ce%bf%ce%b6-%cf%8c%ce%bd%ce%b5%ce%b9%cf%81%ce%bf\/","title":{"rendered":"Kimono Yukata Sue\u00f1o Rosa Suave"},"content":{"rendered":"","protected":false},"excerpt":{"rendered":"<p>Kimono Yukata Sue\u00f1o Rosa Suave<\/p>\n<p>Este precioso yukata de viscosa en un suave tono rosa es una elecci\u00f3n ideal para quienes buscan comodidad y estilo. Sus peque\u00f1os y sutiles estampados a\u00f1aden un toque alegre, lo que la hace extremadamente elegante y atemporal.<\/p>\n<p>Cosido a mano por el sastre de MOMO KIDOHO, el yukata se distingue por su atenci\u00f3n al detalle y la calidad de su confecci\u00f3n. Su manga tradicional de tama\u00f1o medio est\u00e1 dise\u00f1ada para ser pr\u00e1ctica en el d\u00eda a d\u00eda, permitiendo libertad de movimientos y comodidad tanto en casa como en actividades al aire libre.<\/p>\n<p>Este kimono no es s\u00f3lo una prenda, sino una experiencia que a\u00fana tradici\u00f3n y est\u00e9tica moderna. Perfecto para momentos relajados, ocasiones especiales o incluso para a\u00f1adir una sensaci\u00f3n de elegancia japonesa a su d\u00eda a d\u00eda.<\/p>","protected":false},"featured_media":12216,"comment_status":"open","ping_status":"closed","template":"","meta":{"_gspb_post_css":""},"product_brand":[],"product_cat":[115,66],"product_tag":[56],"class_list":{"0":"post-10649","1":"product","2":"type-product","3":"status-publish","4":"has-post-thumbnail","6":"product_cat-yukata","7":"product_cat-66","8":"product_tag-womans-kimonos","9":"pa_-large","10":"pa_-medium","11":"pa_-small","12":"pa_-xtra-large","13":"pa_-99","15":"first","16":"outofstock","17":"taxable","18":"shipping-taxable","19":"purchasable","20":"product-type-variable"},"_links":{"self":[{"href":"https:\/\/thimble.gr\/es\/wp-json\/wp\/v2\/product\/10649","targetHints":{"allow":["GET"]}}],"collection":[{"href":"https:\/\/thimble.gr\/es\/wp-json\/wp\/v2\/product"}],"about":[{"href":"https:\/\/thimble.gr\/es\/wp-json\/wp\/v2\/types\/product"}],"replies":[{"embeddable":true,"href":"https:\/\/thimble.gr\/es\/wp-json\/wp\/v2\/comments?post=10649"}],"wp:featuredmedia":[{"embeddable":true,"href":"https:\/\/thimble.gr\/es\/wp-json\/wp\/v2\/media\/12216"}],"wp:attachment":[{"href":"https:\/\/thimble.gr\/es\/wp-json\/wp\/v2\/media?parent=10649"}],"wp:term":[{"taxonomy":"product_brand","embeddable":true,"href":"https:\/\/thimble.gr\/es\/wp-json\/wp\/v2\/product_brand?post=10649"},{"taxonomy":"product_cat","embeddable":true,"href":"https:\/\/thimble.gr\/es\/wp-json\/wp\/v2\/product_cat?post=10649"},{"taxonomy":"product_tag","embeddable":true,"href":"https:\/\/thimble.gr\/es\/wp-json\/wp\/v2\/product_tag?post=10649"}],"curies":[{"name":"wp","href":"https:\/\/api.w.org\/{rel}","templated":true}]}}