{"id":9699,"date":"2023-09-01T21:41:27","date_gmt":"2023-09-01T21:41:27","guid":{"rendered":"https:\/\/thimble.gr\/product\/liza-dalby-pouch-in-japanese-black-golden-cotton-fabric-with-silk-in-backside\/"},"modified":"2024-12-12T14:40:01","modified_gmt":"2024-12-12T14:40:01","slug":"liza-dalby-pouch-i-japansk-sort-gyldent-bomuldsstof-med-silke-pa-bagsiden","status":"publish","type":"product","link":"https:\/\/thimble.gr\/da\/\u03c0\u03c1\u03bf\u03ca\u03cc\u03bd\u03c4\u03b1\/liza-dalby-pouch-in-japanese-black-golden-cotton-fabric-with-silk-in-backside\/","title":{"rendered":"LIZA DALBY POUCH I JAPANSK SORT GYLDENT BOMULDSSTOF MED SILKE P\u00c5 BAGSIDEN"},"content":{"rendered":"","protected":false},"excerpt":{"rendered":"<p>Den klassiske japanske pung i et stof, der minder lige s\u00e5 meget om Kyoto som noget andet. Dristige gulddetaljer, geometriske former, sort silkebagside og et knaldr\u00f8dt viskosefor. En pung fuld af kunst, der b\u00e6rer LIZA DALBYs navn.<\/p>\n<p>Dens dimension er 22x34<\/p>","protected":false},"featured_media":11607,"comment_status":"closed","ping_status":"open","template":"","meta":{"_gspb_post_css":""},"product_brand":[],"product_cat":[70],"product_tag":[],"class_list":{"0":"post-9699","1":"product","2":"type-product","3":"status-publish","4":"has-post-thumbnail","6":"product_cat-sold-out","8":"first","9":"outofstock","10":"taxable","11":"shipping-taxable","12":"purchasable","13":"product-type-simple"},"_links":{"self":[{"href":"https:\/\/thimble.gr\/da\/wp-json\/wp\/v2\/product\/9699","targetHints":{"allow":["GET"]}}],"collection":[{"href":"https:\/\/thimble.gr\/da\/wp-json\/wp\/v2\/product"}],"about":[{"href":"https:\/\/thimble.gr\/da\/wp-json\/wp\/v2\/types\/product"}],"replies":[{"embeddable":true,"href":"https:\/\/thimble.gr\/da\/wp-json\/wp\/v2\/comments?post=9699"}],"wp:featuredmedia":[{"embeddable":true,"href":"https:\/\/thimble.gr\/da\/wp-json\/wp\/v2\/media\/11607"}],"wp:attachment":[{"href":"https:\/\/thimble.gr\/da\/wp-json\/wp\/v2\/media?parent=9699"}],"wp:term":[{"taxonomy":"product_brand","embeddable":true,"href":"https:\/\/thimble.gr\/da\/wp-json\/wp\/v2\/product_brand?post=9699"},{"taxonomy":"product_cat","embeddable":true,"href":"https:\/\/thimble.gr\/da\/wp-json\/wp\/v2\/product_cat?post=9699"},{"taxonomy":"product_tag","embeddable":true,"href":"https:\/\/thimble.gr\/da\/wp-json\/wp\/v2\/product_tag?post=9699"}],"curies":[{"name":"wp","href":"https:\/\/api.w.org\/{rel}","templated":true}]}}