{"id":11331,"date":"2024-11-06T09:28:55","date_gmt":"2024-11-06T09:28:55","guid":{"rendered":"https:\/\/thimble.gr\/product\/tote-bag-hatsumomo\/"},"modified":"2025-03-05T11:35:49","modified_gmt":"2025-03-05T09:35:49","slug":"tote-bag-hatsumomo","status":"publish","type":"product","link":"https:\/\/thimble.gr\/da\/\u03c0\u03c1\u03bf\u03ca\u03cc\u03bd\u03c4\u03b1\/tote-bag-hatsumomo\/","title":{"rendered":"Taske Hatsumomo"},"content":{"rendered":"","protected":false},"excerpt":{"rendered":"<p>Taske Hatsumomo<\/p>\n<p>Hatsumomo-tasken er lavet af luksuri\u00f8st sort kanvas og udstr\u00e5ler en atmosf\u00e6re af traditionel japansk kunst. Forsiden har et indviklet design af geisha-figurer, beriget med dristige guldelementer, der giver dybde og liv til repr\u00e6sentationerne. Tasken har en lynl\u00e5slukning, der giver sikkerhed for dine personlige ejendele, mens det indvendige kanvasfor sikrer holdbarhed og kvalitetskonstruktion. En praktisk indvendig lomme g\u00f8r det nemt at organisere mindre ting, hvilket g\u00f8r den ideel til hverdagsbrug og et stilfuldt look med japansk karakter.<\/p>\n<p>Hatsumomo-tasken er inspireret af Japans traditionelle \u00e6stetik og kombinerer funktionalitet med kunstnerisk udtryk. Den sorte l\u00e6rredsbaggrund fremh\u00e6ver detaljerne i designet og fremh\u00e6ver geisha-figurerne og de rige guldelementer, der fremkalder den japanske traditions luksus. Figurerne udstr\u00e5ler elegance og ynde, mens guldfarven tilf\u00f8jer en f\u00f8lelse af glans og lysstyrke, som f\u00e5r tasken til at skille sig ud.<\/p>\n<p>Tasken er komfortabel og praktisk til hverdagsbrug og har en lynl\u00e5s, der holder indholdet sikkert og organiseret. Takket v\u00e6re det rummelige indre og den indbyggede inderlomme er **Hatsumomo** det perfekte valg for kvinder, der s\u00f8ger stil og autenticitet. Den kombinerer det praktiske med det traditionelle og giver kvinder mulighed for at b\u00e6re et stykke japansk kultur med sig og give deres t\u00f8j et s\u00e6rligt og sofistikeret udtryk.<\/p>\n<p>Tasken m\u00e5ler 32x44 og stroppen er 37 cm h\u00f8j<\/p>","protected":false},"featured_media":12508,"comment_status":"open","ping_status":"closed","template":"","meta":{"_gspb_post_css":""},"product_brand":[],"product_cat":[65],"product_tag":[],"class_list":{"0":"post-11331","1":"product","2":"type-product","3":"status-publish","4":"has-post-thumbnail","6":"product_cat-65","8":"first","9":"instock","10":"taxable","11":"shipping-taxable","12":"purchasable","13":"product-type-simple"},"_links":{"self":[{"href":"https:\/\/thimble.gr\/da\/wp-json\/wp\/v2\/product\/11331","targetHints":{"allow":["GET"]}}],"collection":[{"href":"https:\/\/thimble.gr\/da\/wp-json\/wp\/v2\/product"}],"about":[{"href":"https:\/\/thimble.gr\/da\/wp-json\/wp\/v2\/types\/product"}],"replies":[{"embeddable":true,"href":"https:\/\/thimble.gr\/da\/wp-json\/wp\/v2\/comments?post=11331"}],"wp:featuredmedia":[{"embeddable":true,"href":"https:\/\/thimble.gr\/da\/wp-json\/wp\/v2\/media\/12508"}],"wp:attachment":[{"href":"https:\/\/thimble.gr\/da\/wp-json\/wp\/v2\/media?parent=11331"}],"wp:term":[{"taxonomy":"product_brand","embeddable":true,"href":"https:\/\/thimble.gr\/da\/wp-json\/wp\/v2\/product_brand?post=11331"},{"taxonomy":"product_cat","embeddable":true,"href":"https:\/\/thimble.gr\/da\/wp-json\/wp\/v2\/product_cat?post=11331"},{"taxonomy":"product_tag","embeddable":true,"href":"https:\/\/thimble.gr\/da\/wp-json\/wp\/v2\/product_tag?post=11331"}],"curies":[{"name":"wp","href":"https:\/\/api.w.org\/{rel}","templated":true}]}}