{"id":11234,"date":"2024-10-19T12:40:09","date_gmt":"2024-10-19T12:40:09","guid":{"rendered":"https:\/\/thimble.gr\/product\/hoodie-night-flower-hope\/"},"modified":"2025-03-05T11:34:02","modified_gmt":"2025-03-05T09:34:02","slug":"haettetroje-nat-blomst-hab","status":"publish","type":"product","link":"https:\/\/thimble.gr\/da\/\u03c0\u03c1\u03bf\u03ca\u03cc\u03bd\u03c4\u03b1\/hoodie-night-flower-hope\/","title":{"rendered":"H\u00e6ttetr\u00f8je Night Flower Hope"},"content":{"rendered":"","protected":false},"excerpt":{"rendered":"<p>H\u00e6ttetr\u00f8je Night Flower Hope<\/p>\n<p>Denne sorte h\u00e6ttetr\u00f8je er den perfekte balance mellem det minimalistiske og det markante med et dybt budskab om optimisme og h\u00e5b. P\u00e5 forsiden er ordet \u5e0c\u671b (som betyder \"h\u00e5b\" p\u00e5 japansk) subtilt placeret, hvilket giver en f\u00f8lelse af ro og styrke. Det elegante design tilbyder et mysterium, der udfordrer dig til at opdage mere, samtidig med at det udstr\u00e5ler moderne, asiatisk \u00e6stetik.<\/p>\n<p>P\u00e5 bagsiden af sweatshirten ses en markant blomst i lyse nattefarver som dyb cyan og dyb violet, der indfanger den charme og sk\u00f8nhed, der er skjult i m\u00f8rket. Sammen med ordet \u5e0c\u671b tilf\u00f8jer s\u00e6tningen \"There is hope at night\" en f\u00f8lelse af optimisme og understreger, at selv i de m\u00f8rkeste tider er der altid h\u00e5b om at finde lys. Denne sweatshirt er perfekt til dem, der leder efter en meningsfuld stil, der kombinerer komfort med en st\u00e6rk symbolik.<\/p>","protected":false},"featured_media":12458,"comment_status":"open","ping_status":"closed","template":"","meta":{"_gspb_post_css":""},"product_brand":[],"product_cat":[74,111],"product_tag":[],"class_list":{"0":"post-11234","1":"product","2":"type-product","3":"status-publish","4":"has-post-thumbnail","6":"product_cat-new","7":"product_cat-111","8":"pa_-large","9":"pa_-medium","10":"pa_-small","11":"pa_-xtra-large","12":"pa_-xtra-small","13":"pa_-xxl","15":"first","16":"instock","17":"taxable","18":"shipping-taxable","19":"purchasable","20":"product-type-variable"},"_links":{"self":[{"href":"https:\/\/thimble.gr\/da\/wp-json\/wp\/v2\/product\/11234","targetHints":{"allow":["GET"]}}],"collection":[{"href":"https:\/\/thimble.gr\/da\/wp-json\/wp\/v2\/product"}],"about":[{"href":"https:\/\/thimble.gr\/da\/wp-json\/wp\/v2\/types\/product"}],"replies":[{"embeddable":true,"href":"https:\/\/thimble.gr\/da\/wp-json\/wp\/v2\/comments?post=11234"}],"wp:featuredmedia":[{"embeddable":true,"href":"https:\/\/thimble.gr\/da\/wp-json\/wp\/v2\/media\/12458"}],"wp:attachment":[{"href":"https:\/\/thimble.gr\/da\/wp-json\/wp\/v2\/media?parent=11234"}],"wp:term":[{"taxonomy":"product_brand","embeddable":true,"href":"https:\/\/thimble.gr\/da\/wp-json\/wp\/v2\/product_brand?post=11234"},{"taxonomy":"product_cat","embeddable":true,"href":"https:\/\/thimble.gr\/da\/wp-json\/wp\/v2\/product_cat?post=11234"},{"taxonomy":"product_tag","embeddable":true,"href":"https:\/\/thimble.gr\/da\/wp-json\/wp\/v2\/product_tag?post=11234"}],"curies":[{"name":"wp","href":"https:\/\/api.w.org\/{rel}","templated":true}]}}