{"id":10452,"date":"2024-03-12T13:08:30","date_gmt":"2024-03-12T13:08:30","guid":{"rendered":"https:\/\/thimble.gr\/product\/big-cosmetics-bag-in-japanese-golden-canva\/"},"modified":"2025-12-09T15:40:54","modified_gmt":"2025-12-09T13:40:54","slug":"stor-kosmetikpose-i-japansk-gylden-canva","status":"publish","type":"product","link":"https:\/\/thimble.gr\/da\/\u03c0\u03c1\u03bf\u03ca\u03cc\u03bd\u03c4\u03b1\/big-cosmetics-bag-in-japanese-golden-canva\/","title":{"rendered":"STOR KOSMETIKTASKE I JAPANSK GYLDEN CANVA"},"content":{"rendered":"","protected":false},"excerpt":{"rendered":"<p>BIG COSMETICS POUCH er en ekstremt stilfuld og praktisk kosmetiktaske, der er inspireret af japansk kultur. Den er lavet af japansk kanvas af h\u00f8j kvalitet, som er broderet med detaljerede guldtr\u00e5dsm\u00f8nstre, og den er et unikt eksempel p\u00e5 \u00e6stetik og luksus. Den m\u00e5ler 24\u00d716 cm og har plads nok til alle dine kosmetiske forn\u00f8denheder, mens dens rummelige design g\u00f8r den ideel til rejser og hverdagsbrug. Det er det perfekte valg for dem, der leder efter et praktisk og stilfuldt tilbeh\u00f8r, som afspejler Japans autenticitet og kultur.<\/p>","protected":false},"featured_media":12102,"comment_status":"open","ping_status":"closed","template":"","meta":{"_gspb_post_css":""},"product_brand":[],"product_cat":[68],"product_tag":[],"class_list":{"0":"post-10452","1":"product","2":"type-product","3":"status-publish","4":"has-post-thumbnail","6":"product_cat-68","8":"first","9":"outofstock","10":"taxable","11":"shipping-taxable","12":"purchasable","13":"product-type-simple"},"_links":{"self":[{"href":"https:\/\/thimble.gr\/da\/wp-json\/wp\/v2\/product\/10452","targetHints":{"allow":["GET"]}}],"collection":[{"href":"https:\/\/thimble.gr\/da\/wp-json\/wp\/v2\/product"}],"about":[{"href":"https:\/\/thimble.gr\/da\/wp-json\/wp\/v2\/types\/product"}],"replies":[{"embeddable":true,"href":"https:\/\/thimble.gr\/da\/wp-json\/wp\/v2\/comments?post=10452"}],"wp:featuredmedia":[{"embeddable":true,"href":"https:\/\/thimble.gr\/da\/wp-json\/wp\/v2\/media\/12102"}],"wp:attachment":[{"href":"https:\/\/thimble.gr\/da\/wp-json\/wp\/v2\/media?parent=10452"}],"wp:term":[{"taxonomy":"product_brand","embeddable":true,"href":"https:\/\/thimble.gr\/da\/wp-json\/wp\/v2\/product_brand?post=10452"},{"taxonomy":"product_cat","embeddable":true,"href":"https:\/\/thimble.gr\/da\/wp-json\/wp\/v2\/product_cat?post=10452"},{"taxonomy":"product_tag","embeddable":true,"href":"https:\/\/thimble.gr\/da\/wp-json\/wp\/v2\/product_tag?post=10452"}],"curies":[{"name":"wp","href":"https:\/\/api.w.org\/{rel}","templated":true}]}}